{"id":865,"date":"2014-04-09T16:18:50","date_gmt":"2014-04-09T14:18:50","guid":{"rendered":"http:\/\/blog.bastiangeweniger.eu\/?page_id=865"},"modified":"2019-02-21T19:54:37","modified_gmt":"2019-02-21T18:54:37","slug":"laptop","status":"publish","type":"page","link":"https:\/\/blog.bastiangeweniger.eu\/?page_id=865","title":{"rendered":"Laptop"},"content":{"rendered":"<p>Um nur einmal einen Absatz zu zitieren:<\/p>\n<p><em>&#8222;GE60 \u2013 Gamer und Entertainer in Perfektion<\/em><\/p>\n<p><em>Das GE60 punktet im Gaming-Einsatz und bei Multimedia-Anwendungen, wenn h\u00f6chste Performance gefragt ist. Der reflexionsarme und farbstarke Full-HD-Bildschirm im praktischen 15,6\u201c-Format bringt Spiele und Videos perfekt zur Geltung. Die neueste NVIDIA\u00ae GeForce\u00ae GTX 765M-Grafik und der schnelle Intel\u00ae Core&#x2122; i7-Prozessor der vierten Generation erm\u00f6glichen fl\u00fcssige Bildraten und beste Qualit\u00e4tseinstellungen bei den neuesten Spielen. Die blau beleuchtete Gaming-Tastatur wurde mit den Keyboard-Experten von SteelSeries und dem weltweit f\u00fchrenden Gaming-Clan Fnatic f\u00fcr den Profi-Einsatz entwickelt. Vier Lautsprecher und Sound Blaster&#x2122; Cinema-Technik unterst\u00fctzen das Spiel- und Film-Erlebnis mit kraftvollem Surround-Sound. Die Killer&#x2122;-Gaming Netz-werkkarte erh\u00f6ht die Datenraten und reduziert die Latzenzzeiten im Online-Gefecht.&#8220;<\/em><\/p>\n<p>Hier mal kurz weitere Daten:<\/p>\n<ul>\n<li>Intel Core&#x2122; i7 (4. Generation) 4700MQ<\/li>\n<li>16GB DDR3 Corsair RAM<\/li>\n<li>Display: 15,6&#8243; (1920 x 1080 Pixel)<\/li>\n<li>NVIDIA GeForce GTX 765M<\/li>\n<li>Festplatten:\n<ul>\n<li>2 x 64GB SSD RAID 0<\/li>\n<li>1TB Seagate<\/li>\n<\/ul>\n<\/li>\n<li>blau beleuchtete Gaming-Tastatur von SteelSeries<\/li>\n<li>Killer&#x2122; E2200 Gaming-Netzwerkkarte<\/li>\n<li>Windows 8.1<\/li>\n<\/ul>\n<p>Alle aktuellen Spiele sind ohne Probleme in hohen Details spielbar. Und unter normalem Desktop betrieb kommt man auf gute 3 Stunden Akkulaufzeit.<\/p>\n<p>\n<div class=\"ngg-galleryoverview ngg-slideshow\"\n\tid=\"ngg-slideshow-95c318823938ca4001a603f3cd48960a-8582465980\"\n\tdata-nextgen-gallery-id=\"11\"\n\tdata-gallery-id=\"95c318823938ca4001a603f3cd48960a\"\n\t\tdata-gallery-name=\"neuer-computer\"\n\t\tstyle=\"max-width: 600px;\n\t\t\tmax-height: 400px;\n\t\t\tdisplay: none;\">\n\n\t\n\t\t<a href=\"https:\/\/blog.bastiangeweniger.eu\/wp-content\/gallery\/neuer-computer\/3Dmark06-1.jpg?t=1586016568\"\n\t\t\ttitle=\"\"\n\t\t\tdata-src=\"https:\/\/blog.bastiangeweniger.eu\/wp-content\/gallery\/neuer-computer\/3Dmark06-1.jpg?t=1586016568\"\n\t\t\tdata-thumbnail=\"https:\/\/blog.bastiangeweniger.eu\/wp-content\/gallery\/neuer-computer\/thumbs\/thumbs_3Dmark06-1.jpg?t=1586016568\"\n\t\t\tdata-image-id=\"200\"\n\t\t\tdata-image-name=\"3Dmark06-1.jpg\"\n\t\t\tdata-title=\"3Dmark06-1\"\n\t\t\tdata-description=\"\"\n\t\t\t\t\t\t\t\t\t\t\t\t\t\t\tclass=\"ngg-simplelightbox\" rel=\"95c318823938ca4001a603f3cd48960a\">\n\t\t\t\n\t\t\t<img data-image-id='200'\n\t\t\t\ttitle=\"\"\n\t\t\t\talt=\"3Dmark06-1\"\n\t\t\t\tsrc=\"https:\/\/blog.bastiangeweniger.eu\/wp-content\/gallery\/neuer-computer\/3Dmark06-1.jpg?t=1586016568\"\n\t\t\t\tstyle=\"max-height: 380px;\"\/>\n\t\t<\/a>\n\n\t\t\n\t\t<a href=\"https:\/\/blog.bastiangeweniger.eu\/wp-content\/gallery\/neuer-computer\/3Dmark11_E.jpg?t=1586016576\"\n\t\t\ttitle=\"\"\n\t\t\tdata-src=\"https:\/\/blog.bastiangeweniger.eu\/wp-content\/gallery\/neuer-computer\/3Dmark11_E.jpg?t=1586016576\"\n\t\t\tdata-thumbnail=\"https:\/\/blog.bastiangeweniger.eu\/wp-content\/gallery\/neuer-computer\/thumbs\/thumbs_3Dmark11_E.jpg?t=1586016576\"\n\t\t\tdata-image-id=\"201\"\n\t\t\tdata-image-name=\"3Dmark11_E.jpg\"\n\t\t\tdata-title=\"3Dmark11_E\"\n\t\t\tdata-description=\"\"\n\t\t\t\t\t\t\t\t\t\t\t\t\t\t\tclass=\"ngg-simplelightbox\" rel=\"95c318823938ca4001a603f3cd48960a\">\n\t\t\t\n\t\t\t<img data-image-id='201'\n\t\t\t\ttitle=\"\"\n\t\t\t\talt=\"3Dmark11_E\"\n\t\t\t\tsrc=\"https:\/\/blog.bastiangeweniger.eu\/wp-content\/gallery\/neuer-computer\/3Dmark11_E.jpg?t=1586016576\"\n\t\t\t\tstyle=\"max-height: 380px;\"\/>\n\t\t<\/a>\n\n\t\t\n\t\t<a href=\"https:\/\/blog.bastiangeweniger.eu\/wp-content\/gallery\/neuer-computer\/3Dmark11_Ex_1.jpg?t=1586016582\"\n\t\t\ttitle=\"\"\n\t\t\tdata-src=\"https:\/\/blog.bastiangeweniger.eu\/wp-content\/gallery\/neuer-computer\/3Dmark11_Ex_1.jpg?t=1586016582\"\n\t\t\tdata-thumbnail=\"https:\/\/blog.bastiangeweniger.eu\/wp-content\/gallery\/neuer-computer\/thumbs\/thumbs_3Dmark11_Ex_1.jpg?t=1586016582\"\n\t\t\tdata-image-id=\"202\"\n\t\t\tdata-image-name=\"3Dmark11_Ex_1.jpg\"\n\t\t\tdata-title=\"3Dmark11_Ex_1\"\n\t\t\tdata-description=\"\"\n\t\t\t\t\t\t\t\t\t\t\t\t\t\t\tclass=\"ngg-simplelightbox\" rel=\"95c318823938ca4001a603f3cd48960a\">\n\t\t\t\n\t\t\t<img data-image-id='202'\n\t\t\t\ttitle=\"\"\n\t\t\t\talt=\"3Dmark11_Ex_1\"\n\t\t\t\tsrc=\"https:\/\/blog.bastiangeweniger.eu\/wp-content\/gallery\/neuer-computer\/3Dmark11_Ex_1.jpg?t=1586016582\"\n\t\t\t\tstyle=\"max-height: 380px;\"\/>\n\t\t<\/a>\n\n\t\t\n\t\t<a href=\"https:\/\/blog.bastiangeweniger.eu\/wp-content\/gallery\/neuer-computer\/3Dmark11_P.jpg?t=1586016587\"\n\t\t\ttitle=\"\"\n\t\t\tdata-src=\"https:\/\/blog.bastiangeweniger.eu\/wp-content\/gallery\/neuer-computer\/3Dmark11_P.jpg?t=1586016587\"\n\t\t\tdata-thumbnail=\"https:\/\/blog.bastiangeweniger.eu\/wp-content\/gallery\/neuer-computer\/thumbs\/thumbs_3Dmark11_P.jpg?t=1586016587\"\n\t\t\tdata-image-id=\"203\"\n\t\t\tdata-image-name=\"3Dmark11_P.jpg\"\n\t\t\tdata-title=\"3Dmark11_P\"\n\t\t\tdata-description=\"\"\n\t\t\t\t\t\t\t\t\t\t\t\t\t\t\tclass=\"ngg-simplelightbox\" rel=\"95c318823938ca4001a603f3cd48960a\">\n\t\t\t\n\t\t\t<img data-image-id='203'\n\t\t\t\ttitle=\"\"\n\t\t\t\talt=\"3Dmark11_P\"\n\t\t\t\tsrc=\"https:\/\/blog.bastiangeweniger.eu\/wp-content\/gallery\/neuer-computer\/3Dmark11_P.jpg?t=1586016587\"\n\t\t\t\tstyle=\"max-height: 380px;\"\/>\n\t\t<\/a>\n\n\t\t\n\t\t<a href=\"https:\/\/blog.bastiangeweniger.eu\/wp-content\/gallery\/neuer-computer\/IMG_1655.jpg?t=1586016592\"\n\t\t\ttitle=\"\"\n\t\t\tdata-src=\"https:\/\/blog.bastiangeweniger.eu\/wp-content\/gallery\/neuer-computer\/IMG_1655.jpg?t=1586016592\"\n\t\t\tdata-thumbnail=\"https:\/\/blog.bastiangeweniger.eu\/wp-content\/gallery\/neuer-computer\/thumbs\/thumbs_IMG_1655.jpg?t=1586016592\"\n\t\t\tdata-image-id=\"204\"\n\t\t\tdata-image-name=\"IMG_1655.jpg\"\n\t\t\tdata-title=\"IMG_1655\"\n\t\t\tdata-description=\"\"\n\t\t\t\t\t\t\t\t\t\t\t\t\t\t\tclass=\"ngg-simplelightbox\" rel=\"95c318823938ca4001a603f3cd48960a\">\n\t\t\t\n\t\t\t<img data-image-id='204'\n\t\t\t\ttitle=\"\"\n\t\t\t\talt=\"IMG_1655\"\n\t\t\t\tsrc=\"https:\/\/blog.bastiangeweniger.eu\/wp-content\/gallery\/neuer-computer\/IMG_1655.jpg?t=1586016592\"\n\t\t\t\tstyle=\"max-height: 380px;\"\/>\n\t\t<\/a>\n\n\t\t\n\t\t<a href=\"https:\/\/blog.bastiangeweniger.eu\/wp-content\/gallery\/neuer-computer\/IMG_1657.jpg?t=1586016598\"\n\t\t\ttitle=\"\"\n\t\t\tdata-src=\"https:\/\/blog.bastiangeweniger.eu\/wp-content\/gallery\/neuer-computer\/IMG_1657.jpg?t=1586016598\"\n\t\t\tdata-thumbnail=\"https:\/\/blog.bastiangeweniger.eu\/wp-content\/gallery\/neuer-computer\/thumbs\/thumbs_IMG_1657.jpg?t=1586016598\"\n\t\t\tdata-image-id=\"205\"\n\t\t\tdata-image-name=\"IMG_1657.jpg\"\n\t\t\tdata-title=\"IMG_1657\"\n\t\t\tdata-description=\"\"\n\t\t\t\t\t\t\t\t\t\t\t\t\t\t\tclass=\"ngg-simplelightbox\" rel=\"95c318823938ca4001a603f3cd48960a\">\n\t\t\t\n\t\t\t<img data-image-id='205'\n\t\t\t\ttitle=\"\"\n\t\t\t\talt=\"IMG_1657\"\n\t\t\t\tsrc=\"https:\/\/blog.bastiangeweniger.eu\/wp-content\/gallery\/neuer-computer\/IMG_1657.jpg?t=1586016598\"\n\t\t\t\tstyle=\"max-height: 380px;\"\/>\n\t\t<\/a>\n\n\t\t\n\t\t<a href=\"https:\/\/blog.bastiangeweniger.eu\/wp-content\/gallery\/neuer-computer\/IMG_1659.jpg?t=1586016602\"\n\t\t\ttitle=\"\"\n\t\t\tdata-src=\"https:\/\/blog.bastiangeweniger.eu\/wp-content\/gallery\/neuer-computer\/IMG_1659.jpg?t=1586016602\"\n\t\t\tdata-thumbnail=\"https:\/\/blog.bastiangeweniger.eu\/wp-content\/gallery\/neuer-computer\/thumbs\/thumbs_IMG_1659.jpg?t=1586016602\"\n\t\t\tdata-image-id=\"206\"\n\t\t\tdata-image-name=\"IMG_1659.jpg\"\n\t\t\tdata-title=\"IMG_1659\"\n\t\t\tdata-description=\"\"\n\t\t\t\t\t\t\t\t\t\t\t\t\t\t\tclass=\"ngg-simplelightbox\" rel=\"95c318823938ca4001a603f3cd48960a\">\n\t\t\t\n\t\t\t<img data-image-id='206'\n\t\t\t\ttitle=\"\"\n\t\t\t\talt=\"IMG_1659\"\n\t\t\t\tsrc=\"https:\/\/blog.bastiangeweniger.eu\/wp-content\/gallery\/neuer-computer\/IMG_1659.jpg?t=1586016602\"\n\t\t\t\tstyle=\"max-height: 380px;\"\/>\n\t\t<\/a>\n\n\t\t\n\t\t<a href=\"https:\/\/blog.bastiangeweniger.eu\/wp-content\/gallery\/neuer-computer\/IMG_1662.jpg?t=1586016607\"\n\t\t\ttitle=\"\"\n\t\t\tdata-src=\"https:\/\/blog.bastiangeweniger.eu\/wp-content\/gallery\/neuer-computer\/IMG_1662.jpg?t=1586016607\"\n\t\t\tdata-thumbnail=\"https:\/\/blog.bastiangeweniger.eu\/wp-content\/gallery\/neuer-computer\/thumbs\/thumbs_IMG_1662.jpg?t=1586016607\"\n\t\t\tdata-image-id=\"207\"\n\t\t\tdata-image-name=\"IMG_1662.jpg\"\n\t\t\tdata-title=\"IMG_1662\"\n\t\t\tdata-description=\"\"\n\t\t\t\t\t\t\t\t\t\t\t\t\t\t\tclass=\"ngg-simplelightbox\" rel=\"95c318823938ca4001a603f3cd48960a\">\n\t\t\t\n\t\t\t<img data-image-id='207'\n\t\t\t\ttitle=\"\"\n\t\t\t\talt=\"IMG_1662\"\n\t\t\t\tsrc=\"https:\/\/blog.bastiangeweniger.eu\/wp-content\/gallery\/neuer-computer\/IMG_1662.jpg?t=1586016607\"\n\t\t\t\tstyle=\"max-height: 380px;\"\/>\n\t\t<\/a>\n\n\t\t\n\t\t<a href=\"https:\/\/blog.bastiangeweniger.eu\/wp-content\/gallery\/neuer-computer\/IMG_1667.jpg?t=1586016611\"\n\t\t\ttitle=\"\"\n\t\t\tdata-src=\"https:\/\/blog.bastiangeweniger.eu\/wp-content\/gallery\/neuer-computer\/IMG_1667.jpg?t=1586016611\"\n\t\t\tdata-thumbnail=\"https:\/\/blog.bastiangeweniger.eu\/wp-content\/gallery\/neuer-computer\/thumbs\/thumbs_IMG_1667.jpg?t=1586016611\"\n\t\t\tdata-image-id=\"208\"\n\t\t\tdata-image-name=\"IMG_1667.jpg\"\n\t\t\tdata-title=\"IMG_1667\"\n\t\t\tdata-description=\"\"\n\t\t\t\t\t\t\t\t\t\t\t\t\t\t\tclass=\"ngg-simplelightbox\" rel=\"95c318823938ca4001a603f3cd48960a\">\n\t\t\t\n\t\t\t<img data-image-id='208'\n\t\t\t\ttitle=\"\"\n\t\t\t\talt=\"IMG_1667\"\n\t\t\t\tsrc=\"https:\/\/blog.bastiangeweniger.eu\/wp-content\/gallery\/neuer-computer\/IMG_1667.jpg?t=1586016611\"\n\t\t\t\tstyle=\"max-height: 380px;\"\/>\n\t\t<\/a>\n\n\t\t<\/div>\n\n\t\t<!-- Thumbnails Link -->\n\t<div class=\"slideshowlink\" style=\"max-width: 600px;\">\n\t\t<a href='https:\/\/blog.bastiangeweniger.eu\/index.php\/nggallery\/thumbnails?page_id=865'>[Show thumbnails]<\/a>\n\t<\/div>\n\n<\/p>\n<p>&nbsp;<\/p>\n","protected":false},"excerpt":{"rendered":"<p>Um nur einmal einen Absatz zu zitieren: &#8222;GE60 \u2013 Gamer und Entertainer in Perfektion Das GE60 punktet im Gaming-Einsatz und bei Multimedia-Anwendungen, wenn h\u00f6chste Performance gefragt ist. Der reflexionsarme und farbstarke Full-HD-Bildschirm im praktischen 15,6\u201c-Format bringt Spiele und Videos perfekt zur Geltung. Die neueste NVIDIA\u00ae GeForce\u00ae GTX 765M-Grafik und der schnelle Intel\u00ae Core&#x2122; i7-Prozessor der &hellip; <\/p>\n<p class=\"link-more\"><a href=\"https:\/\/blog.bastiangeweniger.eu\/?page_id=865\" class=\"more-link\"><span class=\"screen-reader-text\">\u201eLaptop\u201c <\/span>weiterlesen<\/a><\/p>\n","protected":false},"author":1,"featured_media":0,"parent":40,"menu_order":6,"comment_status":"closed","ping_status":"closed","template":"","meta":{"ngg_post_thumbnail":0,"footnotes":""},"class_list":["post-865","page","type-page","status-publish","hentry"],"_links":{"self":[{"href":"https:\/\/blog.bastiangeweniger.eu\/index.php?rest_route=\/wp\/v2\/pages\/865","targetHints":{"allow":["GET"]}}],"collection":[{"href":"https:\/\/blog.bastiangeweniger.eu\/index.php?rest_route=\/wp\/v2\/pages"}],"about":[{"href":"https:\/\/blog.bastiangeweniger.eu\/index.php?rest_route=\/wp\/v2\/types\/page"}],"author":[{"embeddable":true,"href":"https:\/\/blog.bastiangeweniger.eu\/index.php?rest_route=\/wp\/v2\/users\/1"}],"replies":[{"embeddable":true,"href":"https:\/\/blog.bastiangeweniger.eu\/index.php?rest_route=%2Fwp%2Fv2%2Fcomments&post=865"}],"version-history":[{"count":5,"href":"https:\/\/blog.bastiangeweniger.eu\/index.php?rest_route=\/wp\/v2\/pages\/865\/revisions"}],"predecessor-version":[{"id":1428,"href":"https:\/\/blog.bastiangeweniger.eu\/index.php?rest_route=\/wp\/v2\/pages\/865\/revisions\/1428"}],"up":[{"embeddable":true,"href":"https:\/\/blog.bastiangeweniger.eu\/index.php?rest_route=\/wp\/v2\/pages\/40"}],"wp:attachment":[{"href":"https:\/\/blog.bastiangeweniger.eu\/index.php?rest_route=%2Fwp%2Fv2%2Fmedia&parent=865"}],"curies":[{"name":"wp","href":"https:\/\/api.w.org\/{rel}","templated":true}]}}